{"id":3964,"date":"2019-03-26T10:02:04","date_gmt":"2019-03-26T09:02:04","guid":{"rendered":"https:\/\/hotelvictoriavicenza.com\/?page_id=3964"},"modified":"2020-01-27T17:27:00","modified_gmt":"2020-01-27T16:27:00","slug":"residence","status":"publish","type":"page","link":"https:\/\/hvv.sitebysite.it\/fr\/residence\/","title":{"rendered":"Residence"},"content":{"rendered":"<div id='full_slider_1'  class='avia-fullwidth-slider main_color avia-shadow   avia-builder-el-0  el_before_av_section  avia-builder-el-first   container_wrap sidebar_right'  ><div  class='avia-slideshow av-2xwmi-869f2b2f22724ff874dea50210279f17 avia-slideshow-featured_large av_slideshow_full avia-slide-slider av-slideshow-ui av-control-hidden av-no-slider-navigation av-hide-nav-arrows av-slideshow-manual av-loop-once av-loop-manual-endless av-default-height-applied   avia-slideshow-1' data-slideshow-options=\"{&quot;animation&quot;:&quot;slide&quot;,&quot;autoplay&quot;:false,&quot;loop_autoplay&quot;:&quot;once&quot;,&quot;interval&quot;:5,&quot;loop_manual&quot;:&quot;manual-endless&quot;,&quot;autoplay_stopper&quot;:false,&quot;noNavigation&quot;:true,&quot;bg_slider&quot;:false,&quot;keep_padding&quot;:false,&quot;hoverpause&quot;:false,&quot;show_slide_delay&quot;:0}\"  itemprop=\"image\" itemscope=\"itemscope\" itemtype=\"https:\/\/schema.org\/ImageObject\" ><ul class='avia-slideshow-inner ' style='padding-bottom: 42%;'><li  class='avia-slideshow-slide av-2xwmi-869f2b2f22724ff874dea50210279f17__0  av-single-slide slide-1 slide-odd'><div data-rel='slideshow-1' class='avia-slide-wrap '   ><img decoding=\"async\" fetchpriority=\"high\" class=\"wp-image-2346 avia-img-lazy-loading-not-2346\"  src=\"https:\/\/hvv.sitebysite.it\/wp-content\/uploads\/2019\/03\/IMG_6110-1500x630.jpg\" width=\"1500\" height=\"630\" title='IMG_6110' alt='Hotel Victoria - Vicenza - Residence'  itemprop=\"thumbnailUrl\"   \/><\/div><\/li><\/ul><\/div><\/div>\n<div id='av_section_1'  class='avia-section av-1xfnu-7d5fe69be17cf7b72e083bb8d3f2e08a main_color avia-section-default avia-no-border-styling  avia-builder-el-1  el_after_av_slideshow_full  el_before_av_section  avia-bg-style-scroll container_wrap sidebar_right'  ><div class='container av-section-cont-open' ><div class='template-page content  av-content-small alpha units'><div class='post-entry post-entry-type-page post-entry-3964'><div class='entry-content-wrapper clearfix'>\n\n<style type=\"text\/css\" data-created_by=\"avia_inline_auto\" id=\"style-css-av-19oc6-d2150a718ccd71249b76ebfd11fc0027\">\n.flex_column.av-19oc6-d2150a718ccd71249b76ebfd11fc0027{\nborder-radius:0px 0px 0px 0px;\npadding:0px 0px 0px 0px;\n}\n<\/style>\n<div  class='flex_column av-19oc6-d2150a718ccd71249b76ebfd11fc0027 av_one_third  avia-builder-el-2  el_before_av_two_third  avia-builder-el-first  first flex_column_div av-zero-column-padding  '     ><section  class='av_textblock_section av-jqmipr4r-bc2b87f25db4f1ad626807aeb464e061 '   itemscope=\"itemscope\" itemtype=\"https:\/\/schema.org\/CreativeWork\" ><div class='avia_textblock'  itemprop=\"text\" ><p>Residence Outre les chambres, nous offrons \u00e0 nos clients un service de r\u00e9sidence en appartements avec tout le confort.<\/p>\n<p>Studios \u2013 deux \u2013 trois chambres \u00e9quip\u00e9es de:<\/p>\n<ul>\n<li>Kitchenette \u00e9quip\u00e9e;<\/li>\n<li>Salon;<\/li>\n<li>Chambre;<\/li>\n<li>Salle de bains avec douche, TV LCD, acc\u00e8s Internet gratuit, utilisation de salle de gym et utilisation de la piscine dans les mois d\u2019\u00e9t\u00e9<\/li>\n<\/ul>\n<p>Le plaisir d\u2019\u00eatre \u00e0 la maison loin de la maison.<\/p>\n<p>Pour devis et propositions nous contacter, nous serons heureux de r\u00e9pondre \u00e0 vos besoins!<\/p>\n<\/div><\/section><\/div>\n<style type=\"text\/css\" data-created_by=\"avia_inline_auto\" id=\"style-css-av-u68i-b6ab148b727bab67378217b0ea176092\">\n.flex_column.av-u68i-b6ab148b727bab67378217b0ea176092{\nborder-radius:0px 0px 0px 0px;\npadding:0px 0px 0px 0px;\n}\n<\/style>\n<div  class='flex_column av-u68i-b6ab148b727bab67378217b0ea176092 av_two_third  avia-builder-el-4  el_after_av_one_third  avia-builder-el-last  flex_column_div av-zero-column-padding  '     ><style type=\"text\/css\" data-created_by=\"avia_inline_auto\" id=\"style-css-av-jqmj6yf6-0189770b5829395ba3be4da5e734a0fc\">\n.avia-image-container.av-jqmj6yf6-0189770b5829395ba3be4da5e734a0fc img.avia_image{\nbox-shadow:none;\n}\n.avia-image-container.av-jqmj6yf6-0189770b5829395ba3be4da5e734a0fc .av-image-caption-overlay-center{\ncolor:#ffffff;\n}\n<\/style>\n<div  class='avia-image-container av-jqmj6yf6-0189770b5829395ba3be4da5e734a0fc av-styling- avia-align-center  avia-builder-el-5  avia-builder-el-no-sibling '   itemprop=\"image\" itemscope=\"itemscope\" itemtype=\"https:\/\/schema.org\/ImageObject\" ><div class=\"avia-image-container-inner\"><div class=\"avia-image-overlay-wrap\"><img decoding=\"async\" fetchpriority=\"high\" class='wp-image-5179 avia-img-lazy-loading-not-5179 avia_image ' src=\"https:\/\/hvv.sitebysite.it\/wp-content\/uploads\/2020\/01\/IMG_4120-1030x773.jpg\" alt='Hotel Victoria - Vicenza - Sala pranzo Residence' title='IMG_4120'  height=\"773\" width=\"1030\"  itemprop=\"thumbnailUrl\" srcset=\"https:\/\/hvv.sitebysite.it\/wp-content\/uploads\/2020\/01\/IMG_4120-1030x773.jpg 1030w, https:\/\/hvv.sitebysite.it\/wp-content\/uploads\/2020\/01\/IMG_4120-300x225.jpg 300w, https:\/\/hvv.sitebysite.it\/wp-content\/uploads\/2020\/01\/IMG_4120-768x576.jpg 768w, https:\/\/hvv.sitebysite.it\/wp-content\/uploads\/2020\/01\/IMG_4120-1500x1125.jpg 1500w, https:\/\/hvv.sitebysite.it\/wp-content\/uploads\/2020\/01\/IMG_4120-705x529.jpg 705w, https:\/\/hvv.sitebysite.it\/wp-content\/uploads\/2020\/01\/IMG_4120-450x338.jpg 450w\" sizes=\"(max-width: 1030px) 100vw, 1030px\" \/><\/div><\/div><\/div><\/div>\n\n<\/div><\/div><\/div><!-- close content main div --><\/div><\/div><div id='av_section_2'  class='avia-section av-jqw8wxhj-4aed657dc387426d4941fb860a074208 main_color avia-section-no-padding avia-no-border-styling  avia-builder-el-6  el_after_av_section  el_before_av_codeblock  avia-bg-style-scroll container_wrap sidebar_right'  ><div class='container av-section-cont-open' ><div class='template-page content  av-content-small alpha units'><div class='post-entry post-entry-type-page post-entry-3964'><div class='entry-content-wrapper clearfix'>\n<section  class='av_textblock_section av-jqmirnb9-5eb9f6f7be7a30bede21b33ece4d87e5 '   itemscope=\"itemscope\" itemtype=\"https:\/\/schema.org\/CreativeWork\" ><div class='avia_textblock'  itemprop=\"text\" ><h2 style=\"text-align: center; margin: 30px 0 0; text-transform: none;\">Decouvrir le residence<\/h2>\n<\/div><\/section>\n\n<style type=\"text\/css\" data-created_by=\"avia_inline_auto\" id=\"style-css-av-jqw8ogxl-bf676bde8119bbac29e03bea4ec7657e\">\n.av-horizontal-gallery.av-jqw8ogxl-bf676bde8119bbac29e03bea4ec7657e{\npadding:3.75% 0px;;\n}\n.av-horizontal-gallery.av-jqw8ogxl-bf676bde8119bbac29e03bea4ec7657e .av-horizontal-gallery-inner{\npadding-bottom:25%;\n}\n<\/style>\n<div  class='av-horizontal-gallery av-jqw8ogxl-bf676bde8119bbac29e03bea4ec7657e av-horizontal-gallery-large-gap av-horizontal-gallery-enlarge-effect  avia-builder-el-8  el_after_av_textblock  avia-builder-el-last  av-slideshow-ui av-control-default av-slideshow-manual av-loop-once av-loop-manual-endless av-horizontal-gallery-1' data-slideshow-data=\"{&quot;enlarge&quot;:1.3000000000000000444089209850062616169452667236328125,&quot;animation&quot;:&quot;slide&quot;,&quot;autoplay&quot;:false,&quot;loop_autoplay&quot;:&quot;once&quot;,&quot;interval&quot;:5,&quot;loop_manual&quot;:&quot;manual-endless&quot;,&quot;autoplay_stopper&quot;:false,&quot;noNavigation&quot;:false,&quot;bg_slider&quot;:false,&quot;keep_padding&quot;:&quot;&quot;,&quot;hoverpause&quot;:false,&quot;show_slide_delay&quot;:0}\"  itemprop=\"image\" itemscope=\"itemscope\" itemtype=\"https:\/\/schema.org\/ImageObject\" ><div class='avia-slideshow-arrows avia-slideshow-controls' ><a href='#prev' class='prev-slide av-horizontal-gallery-prev' aria-hidden='true' data-av_icon='\ue87c' data-av_iconfont='entypo-fontello'  tabindex='-1'>Pr\u00e9c\u00e9dent<\/a><a href='#next' class='next-slide av-horizontal-gallery-next' aria-hidden='true' data-av_icon='\ue87d' data-av_iconfont='entypo-fontello'  tabindex='-1'>Suivant<\/a><\/div><div class='avia-slideshow-dots avia-slideshow-controls av-horizontal-gallery-dots fade-in'><a href='#1' class='goto-slide active' >1<\/a><a href='#2' class='goto-slide ' >2<\/a><a href='#3' class='goto-slide ' >3<\/a><a href='#4' class='goto-slide ' >4<\/a><a href='#5' class='goto-slide ' >5<\/a><\/div><div class='av-horizontal-gallery-inner' data-av-height='25'><div class=\"av-horizontal-gallery-slider\"><div class=\"av-horizontal-gallery-wrap noHover\"><img decoding=\"async\" loading=\"lazy\" class='wp-image-5179 avia-img-lazy-loading-5179 av-horizontal-gallery-img' width=\"1030\" height=\"773\" src=\"https:\/\/hvv.sitebysite.it\/wp-content\/uploads\/2020\/01\/IMG_4120-1030x773.jpg\" title='IMG_4120' alt='Hotel Victoria - Vicenza - Sala pranzo Residence' srcset=\"https:\/\/hvv.sitebysite.it\/wp-content\/uploads\/2020\/01\/IMG_4120-1030x773.jpg 1030w, https:\/\/hvv.sitebysite.it\/wp-content\/uploads\/2020\/01\/IMG_4120-300x225.jpg 300w, https:\/\/hvv.sitebysite.it\/wp-content\/uploads\/2020\/01\/IMG_4120-768x576.jpg 768w, https:\/\/hvv.sitebysite.it\/wp-content\/uploads\/2020\/01\/IMG_4120-1500x1125.jpg 1500w, https:\/\/hvv.sitebysite.it\/wp-content\/uploads\/2020\/01\/IMG_4120-705x529.jpg 705w, https:\/\/hvv.sitebysite.it\/wp-content\/uploads\/2020\/01\/IMG_4120-450x338.jpg 450w\" sizes=\"(max-width: 1030px) 100vw, 1030px\" \/><a href=\"https:\/\/hvv.sitebysite.it\/wp-content\/uploads\/2020\/01\/IMG_4120-1030x773.jpg\" data-srcset=\"https:\/\/hvv.sitebysite.it\/wp-content\/uploads\/2020\/01\/IMG_4120-1030x773.jpg 1030w, https:\/\/hvv.sitebysite.it\/wp-content\/uploads\/2020\/01\/IMG_4120-300x225.jpg 300w, https:\/\/hvv.sitebysite.it\/wp-content\/uploads\/2020\/01\/IMG_4120-768x576.jpg 768w, https:\/\/hvv.sitebysite.it\/wp-content\/uploads\/2020\/01\/IMG_4120-1500x1125.jpg 1500w, https:\/\/hvv.sitebysite.it\/wp-content\/uploads\/2020\/01\/IMG_4120-705x529.jpg 705w, https:\/\/hvv.sitebysite.it\/wp-content\/uploads\/2020\/01\/IMG_4120-450x338.jpg 450w\" data-sizes=\"(max-width: 1030px) 100vw, 1030px\" class='av-horizontal-gallery-link' aria-hidden='true' data-av_icon='\ue869' data-av_iconfont='entypo-fontello' title='IMG_4120' alt='Hotel Victoria - Vicenza - Sala pranzo Residence'><\/a><\/div><div class=\"av-horizontal-gallery-wrap noHover\"><img decoding=\"async\" loading=\"lazy\" class='wp-image-5164 avia-img-lazy-loading-5164 av-horizontal-gallery-img' width=\"773\" height=\"1030\" src=\"https:\/\/hvv.sitebysite.it\/wp-content\/uploads\/2020\/01\/IMG_4111-e1580142290998-773x1030.jpg\" title='IMG_4111' alt='Hotel Victoria - Vicenza - cucina Residence' srcset=\"https:\/\/hvv.sitebysite.it\/wp-content\/uploads\/2020\/01\/IMG_4111-e1580142290998-773x1030.jpg 773w, https:\/\/hvv.sitebysite.it\/wp-content\/uploads\/2020\/01\/IMG_4111-e1580142290998-225x300.jpg 225w, https:\/\/hvv.sitebysite.it\/wp-content\/uploads\/2020\/01\/IMG_4111-e1580142290998-768x1024.jpg 768w, https:\/\/hvv.sitebysite.it\/wp-content\/uploads\/2020\/01\/IMG_4111-e1580142290998-1125x1500.jpg 1125w, https:\/\/hvv.sitebysite.it\/wp-content\/uploads\/2020\/01\/IMG_4111-e1580142290998-529x705.jpg 529w, https:\/\/hvv.sitebysite.it\/wp-content\/uploads\/2020\/01\/IMG_4111-e1580142290998-450x600.jpg 450w\" sizes=\"(max-width: 773px) 100vw, 773px\" \/><a href=\"https:\/\/hvv.sitebysite.it\/wp-content\/uploads\/2020\/01\/IMG_4111-e1580142290998-773x1030.jpg\" data-srcset=\"https:\/\/hvv.sitebysite.it\/wp-content\/uploads\/2020\/01\/IMG_4111-e1580142290998-773x1030.jpg 773w, https:\/\/hvv.sitebysite.it\/wp-content\/uploads\/2020\/01\/IMG_4111-e1580142290998-225x300.jpg 225w, https:\/\/hvv.sitebysite.it\/wp-content\/uploads\/2020\/01\/IMG_4111-e1580142290998-768x1024.jpg 768w, https:\/\/hvv.sitebysite.it\/wp-content\/uploads\/2020\/01\/IMG_4111-e1580142290998-1125x1500.jpg 1125w, https:\/\/hvv.sitebysite.it\/wp-content\/uploads\/2020\/01\/IMG_4111-e1580142290998-529x705.jpg 529w, https:\/\/hvv.sitebysite.it\/wp-content\/uploads\/2020\/01\/IMG_4111-e1580142290998-450x600.jpg 450w\" data-sizes=\"(max-width: 773px) 100vw, 773px\" class='av-horizontal-gallery-link' aria-hidden='true' data-av_icon='\ue869' data-av_iconfont='entypo-fontello' title='IMG_4111' alt='Hotel Victoria - Vicenza - cucina Residence'><\/a><\/div><div class=\"av-horizontal-gallery-wrap noHover\"><img decoding=\"async\" loading=\"lazy\" class='wp-image-5174 avia-img-lazy-loading-5174 av-horizontal-gallery-img' width=\"1030\" height=\"773\" src=\"https:\/\/hvv.sitebysite.it\/wp-content\/uploads\/2020\/01\/IMG_4117-1030x773.jpg\" title='IMG_4117' alt='Residence di lusso - Hotel 4 stelle a Vicenza' srcset=\"https:\/\/hvv.sitebysite.it\/wp-content\/uploads\/2020\/01\/IMG_4117-1030x773.jpg 1030w, https:\/\/hvv.sitebysite.it\/wp-content\/uploads\/2020\/01\/IMG_4117-300x225.jpg 300w, https:\/\/hvv.sitebysite.it\/wp-content\/uploads\/2020\/01\/IMG_4117-768x576.jpg 768w, https:\/\/hvv.sitebysite.it\/wp-content\/uploads\/2020\/01\/IMG_4117-1500x1125.jpg 1500w, https:\/\/hvv.sitebysite.it\/wp-content\/uploads\/2020\/01\/IMG_4117-705x529.jpg 705w, https:\/\/hvv.sitebysite.it\/wp-content\/uploads\/2020\/01\/IMG_4117-450x338.jpg 450w\" sizes=\"(max-width: 1030px) 100vw, 1030px\" \/><a href=\"https:\/\/hvv.sitebysite.it\/wp-content\/uploads\/2020\/01\/IMG_4117-1030x773.jpg\" data-srcset=\"https:\/\/hvv.sitebysite.it\/wp-content\/uploads\/2020\/01\/IMG_4117-1030x773.jpg 1030w, https:\/\/hvv.sitebysite.it\/wp-content\/uploads\/2020\/01\/IMG_4117-300x225.jpg 300w, https:\/\/hvv.sitebysite.it\/wp-content\/uploads\/2020\/01\/IMG_4117-768x576.jpg 768w, https:\/\/hvv.sitebysite.it\/wp-content\/uploads\/2020\/01\/IMG_4117-1500x1125.jpg 1500w, https:\/\/hvv.sitebysite.it\/wp-content\/uploads\/2020\/01\/IMG_4117-705x529.jpg 705w, https:\/\/hvv.sitebysite.it\/wp-content\/uploads\/2020\/01\/IMG_4117-450x338.jpg 450w\" data-sizes=\"(max-width: 1030px) 100vw, 1030px\" class='av-horizontal-gallery-link' aria-hidden='true' data-av_icon='\ue869' data-av_iconfont='entypo-fontello' title='IMG_4117' alt='Residence di lusso - Hotel 4 stelle a Vicenza'><\/a><\/div><div class=\"av-horizontal-gallery-wrap noHover\"><img decoding=\"async\" loading=\"lazy\" class='wp-image-5169 avia-img-lazy-loading-5169 av-horizontal-gallery-img' width=\"1030\" height=\"773\" src=\"https:\/\/hvv.sitebysite.it\/wp-content\/uploads\/2020\/01\/IMG_4115-1030x773.jpg\" title='IMG_4115' alt='Residence - Hotel Victoria - Vicenza' srcset=\"https:\/\/hvv.sitebysite.it\/wp-content\/uploads\/2020\/01\/IMG_4115-1030x773.jpg 1030w, https:\/\/hvv.sitebysite.it\/wp-content\/uploads\/2020\/01\/IMG_4115-300x225.jpg 300w, https:\/\/hvv.sitebysite.it\/wp-content\/uploads\/2020\/01\/IMG_4115-768x576.jpg 768w, https:\/\/hvv.sitebysite.it\/wp-content\/uploads\/2020\/01\/IMG_4115-1500x1125.jpg 1500w, https:\/\/hvv.sitebysite.it\/wp-content\/uploads\/2020\/01\/IMG_4115-705x529.jpg 705w, https:\/\/hvv.sitebysite.it\/wp-content\/uploads\/2020\/01\/IMG_4115-450x338.jpg 450w\" sizes=\"(max-width: 1030px) 100vw, 1030px\" \/><a href=\"https:\/\/hvv.sitebysite.it\/wp-content\/uploads\/2020\/01\/IMG_4115-1030x773.jpg\" data-srcset=\"https:\/\/hvv.sitebysite.it\/wp-content\/uploads\/2020\/01\/IMG_4115-1030x773.jpg 1030w, https:\/\/hvv.sitebysite.it\/wp-content\/uploads\/2020\/01\/IMG_4115-300x225.jpg 300w, https:\/\/hvv.sitebysite.it\/wp-content\/uploads\/2020\/01\/IMG_4115-768x576.jpg 768w, https:\/\/hvv.sitebysite.it\/wp-content\/uploads\/2020\/01\/IMG_4115-1500x1125.jpg 1500w, https:\/\/hvv.sitebysite.it\/wp-content\/uploads\/2020\/01\/IMG_4115-705x529.jpg 705w, https:\/\/hvv.sitebysite.it\/wp-content\/uploads\/2020\/01\/IMG_4115-450x338.jpg 450w\" data-sizes=\"(max-width: 1030px) 100vw, 1030px\" class='av-horizontal-gallery-link' aria-hidden='true' data-av_icon='\ue869' data-av_iconfont='entypo-fontello' title='IMG_4115' alt='Residence - Hotel Victoria - Vicenza'><\/a><\/div><div class=\"av-horizontal-gallery-wrap noHover\"><img decoding=\"async\" loading=\"lazy\" class='wp-image-2356 avia-img-lazy-loading-2356 av-horizontal-gallery-img' width=\"1030\" height=\"405\" src=\"https:\/\/hvv.sitebysite.it\/wp-content\/uploads\/2019\/03\/IMG_6110-1-1030x405.jpg\" title='IMG_6110' alt='' srcset=\"https:\/\/hvv.sitebysite.it\/wp-content\/uploads\/2019\/03\/IMG_6110-1-1030x405.jpg 1030w, https:\/\/hvv.sitebysite.it\/wp-content\/uploads\/2019\/03\/IMG_6110-1-300x118.jpg 300w, https:\/\/hvv.sitebysite.it\/wp-content\/uploads\/2019\/03\/IMG_6110-1-768x302.jpg 768w, https:\/\/hvv.sitebysite.it\/wp-content\/uploads\/2019\/03\/IMG_6110-1-1500x590.jpg 1500w, https:\/\/hvv.sitebysite.it\/wp-content\/uploads\/2019\/03\/IMG_6110-1-705x277.jpg 705w, https:\/\/hvv.sitebysite.it\/wp-content\/uploads\/2019\/03\/IMG_6110-1-450x177.jpg 450w, https:\/\/hvv.sitebysite.it\/wp-content\/uploads\/2019\/03\/IMG_6110-1.jpg 2000w\" sizes=\"(max-width: 1030px) 100vw, 1030px\" \/><a href=\"https:\/\/hvv.sitebysite.it\/wp-content\/uploads\/2019\/03\/IMG_6110-1-1030x405.jpg\" data-srcset=\"https:\/\/hvv.sitebysite.it\/wp-content\/uploads\/2019\/03\/IMG_6110-1-1030x405.jpg 1030w, https:\/\/hvv.sitebysite.it\/wp-content\/uploads\/2019\/03\/IMG_6110-1-300x118.jpg 300w, https:\/\/hvv.sitebysite.it\/wp-content\/uploads\/2019\/03\/IMG_6110-1-768x302.jpg 768w, https:\/\/hvv.sitebysite.it\/wp-content\/uploads\/2019\/03\/IMG_6110-1-1500x590.jpg 1500w, https:\/\/hvv.sitebysite.it\/wp-content\/uploads\/2019\/03\/IMG_6110-1-705x277.jpg 705w, https:\/\/hvv.sitebysite.it\/wp-content\/uploads\/2019\/03\/IMG_6110-1-450x177.jpg 450w, https:\/\/hvv.sitebysite.it\/wp-content\/uploads\/2019\/03\/IMG_6110-1.jpg 2000w\" data-sizes=\"(max-width: 1030px) 100vw, 1030px\" class='av-horizontal-gallery-link' aria-hidden='true' data-av_icon='\ue869' data-av_iconfont='entypo-fontello' title='IMG_6110' alt=''><\/a><\/div><\/div><\/div><\/div>\n<\/div><\/div><\/div><!-- close content main div --><\/div><\/div><div id='after_section_2'  class='main_color av_default_container_wrap container_wrap sidebar_right'  ><div class='container av-section-cont-open' ><div class='template-page content  av-content-small alpha units'><div class='post-entry post-entry-type-page post-entry-3964'><div class='entry-content-wrapper clearfix'><\/p>\n","protected":false},"excerpt":{"rendered":"","protected":false},"author":1,"featured_media":0,"parent":0,"menu_order":0,"comment_status":"closed","ping_status":"closed","template":"","meta":{"footnotes":""},"yoast_head":"<!-- This site is optimized with the Yoast SEO plugin v22.7 - https:\/\/yoast.com\/wordpress\/plugins\/seo\/ -->\n<title>Hotel Victoria Vicenza - l&#039;h\u00f4tel a Vicenza avec piscine et salle de fitness<\/title>\n<meta name=\"description\" content=\"h\u00f4tel pr\u00e8s du centre historique de Vicence, avec piscine, restaurant, salle de fitness, salle de conf\u00e9rence, et \u00e0 pr\u00e8s de la caserne Ederle.\" \/>\n<meta name=\"robots\" content=\"noindex, follow, max-snippet:-1, max-image-preview:large, max-video-preview:-1\" \/>\n<meta property=\"og:locale\" content=\"fr_FR\" \/>\n<meta property=\"og:type\" content=\"article\" \/>\n<meta property=\"og:title\" content=\"Hotel Victoria Vicenza - l&#039;h\u00f4tel a Vicenza avec piscine et salle de fitness\" \/>\n<meta property=\"og:description\" content=\"h\u00f4tel pr\u00e8s du centre historique de Vicence, avec piscine, restaurant, salle de fitness, salle de conf\u00e9rence, et \u00e0 pr\u00e8s de la caserne Ederle.\" \/>\n<meta property=\"og:url\" content=\"https:\/\/hvv.sitebysite.it\/residence\/\" \/>\n<meta property=\"og:site_name\" content=\"Hotel Victoria Vicenza\" \/>\n<meta property=\"article:modified_time\" content=\"2020-01-27T16:27:00+00:00\" \/>\n<meta name=\"twitter:card\" content=\"summary_large_image\" \/>\n<meta name=\"twitter:label1\" content=\"Dur\u00e9e de lecture estim\u00e9e\" \/>\n\t<meta name=\"twitter:data1\" content=\"5 minutes\" \/>\n<script type=\"application\/ld+json\" class=\"yoast-schema-graph\">{\"@context\":\"https:\/\/schema.org\",\"@graph\":[{\"@type\":\"WebPage\",\"@id\":\"https:\/\/hvv.sitebysite.it\/residence\/\",\"url\":\"https:\/\/hvv.sitebysite.it\/residence\/\",\"name\":\"Hotel Victoria Vicenza - l'h\u00f4tel a Vicenza avec piscine et salle de fitness\",\"isPartOf\":{\"@id\":\"https:\/\/hvv.sitebysite.it\/#website\"},\"datePublished\":\"2019-03-26T09:02:04+00:00\",\"dateModified\":\"2020-01-27T16:27:00+00:00\",\"description\":\"h\u00f4tel pr\u00e8s du centre historique de Vicence, avec piscine, restaurant, salle de fitness, salle de conf\u00e9rence, et \u00e0 pr\u00e8s de la caserne Ederle.\",\"breadcrumb\":{\"@id\":\"https:\/\/hvv.sitebysite.it\/residence\/#breadcrumb\"},\"inLanguage\":\"fr-FR\",\"potentialAction\":[{\"@type\":\"ReadAction\",\"target\":[\"https:\/\/hvv.sitebysite.it\/residence\/\"]}]},{\"@type\":\"BreadcrumbList\",\"@id\":\"https:\/\/hvv.sitebysite.it\/residence\/#breadcrumb\",\"itemListElement\":[{\"@type\":\"ListItem\",\"position\":1,\"name\":\"Home\",\"item\":\"https:\/\/hvv.sitebysite.it\/\"},{\"@type\":\"ListItem\",\"position\":2,\"name\":\"Residence\"}]},{\"@type\":\"WebSite\",\"@id\":\"https:\/\/hvv.sitebysite.it\/#website\",\"url\":\"https:\/\/hvv.sitebysite.it\/\",\"name\":\"Hotel Victoria Vicenza\",\"description\":\"\",\"potentialAction\":[{\"@type\":\"SearchAction\",\"target\":{\"@type\":\"EntryPoint\",\"urlTemplate\":\"https:\/\/hvv.sitebysite.it\/?s={search_term_string}\"},\"query-input\":\"required name=search_term_string\"}],\"inLanguage\":\"fr-FR\"}]}<\/script>\n<!-- \/ Yoast SEO plugin. -->","yoast_head_json":{"title":"Hotel Victoria Vicenza - l'h\u00f4tel a Vicenza avec piscine et salle de fitness","description":"h\u00f4tel pr\u00e8s du centre historique de Vicence, avec piscine, restaurant, salle de fitness, salle de conf\u00e9rence, et \u00e0 pr\u00e8s de la caserne Ederle.","robots":{"index":"noindex","follow":"follow","max-snippet":"max-snippet:-1","max-image-preview":"max-image-preview:large","max-video-preview":"max-video-preview:-1"},"og_locale":"fr_FR","og_type":"article","og_title":"Hotel Victoria Vicenza - l'h\u00f4tel a Vicenza avec piscine et salle de fitness","og_description":"h\u00f4tel pr\u00e8s du centre historique de Vicence, avec piscine, restaurant, salle de fitness, salle de conf\u00e9rence, et \u00e0 pr\u00e8s de la caserne Ederle.","og_url":"https:\/\/hvv.sitebysite.it\/residence\/","og_site_name":"Hotel Victoria Vicenza","article_modified_time":"2020-01-27T16:27:00+00:00","twitter_card":"summary_large_image","twitter_misc":{"Dur\u00e9e de lecture estim\u00e9e":"5 minutes"},"schema":{"@context":"https:\/\/schema.org","@graph":[{"@type":"WebPage","@id":"https:\/\/hvv.sitebysite.it\/residence\/","url":"https:\/\/hvv.sitebysite.it\/residence\/","name":"Hotel Victoria Vicenza - l'h\u00f4tel a Vicenza avec piscine et salle de fitness","isPartOf":{"@id":"https:\/\/hvv.sitebysite.it\/#website"},"datePublished":"2019-03-26T09:02:04+00:00","dateModified":"2020-01-27T16:27:00+00:00","description":"h\u00f4tel pr\u00e8s du centre historique de Vicence, avec piscine, restaurant, salle de fitness, salle de conf\u00e9rence, et \u00e0 pr\u00e8s de la caserne Ederle.","breadcrumb":{"@id":"https:\/\/hvv.sitebysite.it\/residence\/#breadcrumb"},"inLanguage":"fr-FR","potentialAction":[{"@type":"ReadAction","target":["https:\/\/hvv.sitebysite.it\/residence\/"]}]},{"@type":"BreadcrumbList","@id":"https:\/\/hvv.sitebysite.it\/residence\/#breadcrumb","itemListElement":[{"@type":"ListItem","position":1,"name":"Home","item":"https:\/\/hvv.sitebysite.it\/"},{"@type":"ListItem","position":2,"name":"Residence"}]},{"@type":"WebSite","@id":"https:\/\/hvv.sitebysite.it\/#website","url":"https:\/\/hvv.sitebysite.it\/","name":"Hotel Victoria Vicenza","description":"","potentialAction":[{"@type":"SearchAction","target":{"@type":"EntryPoint","urlTemplate":"https:\/\/hvv.sitebysite.it\/?s={search_term_string}"},"query-input":"required name=search_term_string"}],"inLanguage":"fr-FR"}]}},"_links":{"self":[{"href":"https:\/\/hvv.sitebysite.it\/fr\/wp-json\/wp\/v2\/pages\/3964"}],"collection":[{"href":"https:\/\/hvv.sitebysite.it\/fr\/wp-json\/wp\/v2\/pages"}],"about":[{"href":"https:\/\/hvv.sitebysite.it\/fr\/wp-json\/wp\/v2\/types\/page"}],"author":[{"embeddable":true,"href":"https:\/\/hvv.sitebysite.it\/fr\/wp-json\/wp\/v2\/users\/1"}],"replies":[{"embeddable":true,"href":"https:\/\/hvv.sitebysite.it\/fr\/wp-json\/wp\/v2\/comments?post=3964"}],"version-history":[{"count":0,"href":"https:\/\/hvv.sitebysite.it\/fr\/wp-json\/wp\/v2\/pages\/3964\/revisions"}],"wp:attachment":[{"href":"https:\/\/hvv.sitebysite.it\/fr\/wp-json\/wp\/v2\/media?parent=3964"}],"curies":[{"name":"wp","href":"https:\/\/api.w.org\/{rel}","templated":true}]}}