{"id":3928,"date":"2019-03-26T08:46:02","date_gmt":"2019-03-26T07:46:02","guid":{"rendered":"https:\/\/hotelvictoriavicenza.com\/?page_id=3928"},"modified":"2019-04-04T11:25:51","modified_gmt":"2019-04-04T09:25:51","slug":"hotel","status":"publish","type":"page","link":"https:\/\/hvv.sitebysite.it\/fr\/hotel\/","title":{"rendered":"H\u00f4tel"},"content":{"rendered":"<div id='av_section_1'  class='avia-section av-6kyzbk-d259ed2fcdd4caba2309b163690c3fbf main_color avia-section-default avia-no-border-styling  avia-builder-el-0  avia-builder-el-no-sibling  avia-bg-style-scroll container_wrap sidebar_right'  ><div class='container av-section-cont-open' ><main  role=\"main\" itemprop=\"mainContentOfPage\"  class='template-page content  av-content-small alpha units'><div class='post-entry post-entry-type-page post-entry-3928'><div class='entry-content-wrapper clearfix'>\n\n<style type=\"text\/css\" data-created_by=\"avia_inline_auto\" id=\"style-css-av-4s1g34-c5d6fd970b062ffb774b880bfff5c624\">\n.flex_column.av-4s1g34-c5d6fd970b062ffb774b880bfff5c624{\nborder-radius:0px 0px 0px 0px;\npadding:0px 0px 0px 0px;\n}\n<\/style>\n<div  class='flex_column av-4s1g34-c5d6fd970b062ffb774b880bfff5c624 av_one_full  avia-builder-el-1  avia-builder-el-no-sibling  first flex_column_div av-zero-column-padding  '     ><section  class='av_textblock_section av-jr64f8p1-1d42a2100d088f9c4dbd4f7b62d950e5 '   itemscope=\"itemscope\" itemtype=\"https:\/\/schema.org\/CreativeWork\" ><div class='avia_textblock'  itemprop=\"text\" ><p><strong>L\u2019H\u00f4tel R\u00e9sidence Victoria<\/strong>\u00a0est id\u00e9al pour votre s\u00e9jour \u00e0\u00a0<strong>Vicenza<\/strong>, car il est \u00e0 seulement 5 minutes du centre\u00a0<strong>ville et \u00e0 proximit\u00e9 de toutes les attractions principales<\/strong>, cependant, il est absolument calme.<br \/>\nEn outre, il est \u00e0 1 km de\u00a0<strong>Caserma Ederle<\/strong>, et \u00e0 7 km du parc des\u00a0<strong>expositions<\/strong>.<\/p>\n<p>Arriver \u00e0 l\u2019<strong>H\u00f4tel Residence Victoria<\/strong>\u00a0est tr\u00e8s simple: si vous arrivez en voiture de la sortie de la autoroute \u201cVicenza Est\u201d et continuez vers le centre-ville, \u00e0 environ un kilom\u00e8tre.<br \/>\nVous pouvez suivre les indications pour la\u00a0<strong>caserne militaire \u201cEderle\u201d de Vicenza<\/strong>.<\/p>\n<p>Notre h\u00f4tel propose des\u00a0<strong>chambres confortables<\/strong>\u00a0\u201c<a href=\"https:\/\/hotelvictoriavicenza.com\/fr\/chambres\/chambre-superior\/\"><em>Superior<\/em><\/a>\u201c, \u201c<a href=\"https:\/\/hotelvictoriavicenza.com\/fr\/chambres\/chambre-standard\/\"><em>Normal<\/em><\/a>\u201c, \u201c<a href=\"https:\/\/hotelvictoriavicenza.com\/fr\/chambres\/chambre-deluxe\/\"><em>Deluxe<\/em><\/a>\u201c, \u201c<a href=\"https:\/\/hotelvictoriavicenza.com\/fr\/chambres\/chambre-executive\/\"><em>Executive<\/em><\/a>\u201d et \u201c<a href=\"https:\/\/hotelvictoriavicenza.com\/fr\/chambres\/chambre-suite\/\"><em>Appartements<\/em><\/a>\u201d avec toutes les commodit\u00e9s dont vous avez besoin:<\/p>\n<ul>\n<li>Air conditionn\u00e9;<\/li>\n<li>TV par satellite;<\/li>\n<li>Internet gratuit.<\/li>\n<\/ul>\n<p>Dans notre piscine d\u2019\u00e9t\u00e9, vous pouvez profiter de moments de d\u00e9tente<\/p>\n<\/div><\/section><\/div><\/div><\/div><\/main><!-- close content main element --><\/div><\/div><div id='after_section_1'  class='main_color av_default_container_wrap container_wrap sidebar_right'  ><div class='container av-section-cont-open' ><div class='template-page content  av-content-small alpha units'><div class='post-entry post-entry-type-page post-entry-3928'><div class='entry-content-wrapper clearfix'>\n","protected":false},"excerpt":{"rendered":"","protected":false},"author":1,"featured_media":0,"parent":0,"menu_order":0,"comment_status":"closed","ping_status":"closed","template":"","meta":{"footnotes":""},"yoast_head":"<!-- This site is optimized with the Yoast SEO plugin v22.7 - https:\/\/yoast.com\/wordpress\/plugins\/seo\/ -->\n<title>H\u00f4tel - Hotel Victoria Vicenza<\/title>\n<meta name=\"description\" content=\"L\u2019H\u00f4tel R\u00e9sidence Victoria est id\u00e9al pour votre s\u00e9jour \u00e0 Vicenza, car il est \u00e0 seulement 5 minutes du centre ville et \u00e0 proximit\u00e9 de toutes les attractions principales, cependant, il est absolument calme.\" \/>\n<meta name=\"robots\" content=\"noindex, follow, max-snippet:-1, max-image-preview:large, max-video-preview:-1\" \/>\n<meta property=\"og:locale\" content=\"fr_FR\" \/>\n<meta property=\"og:type\" content=\"article\" \/>\n<meta property=\"og:title\" content=\"H\u00f4tel - Hotel Victoria Vicenza\" \/>\n<meta property=\"og:description\" content=\"L\u2019H\u00f4tel R\u00e9sidence Victoria est id\u00e9al pour votre s\u00e9jour \u00e0 Vicenza, car il est \u00e0 seulement 5 minutes du centre ville et \u00e0 proximit\u00e9 de toutes les attractions principales, cependant, il est absolument calme.\" \/>\n<meta property=\"og:url\" content=\"https:\/\/hvv.sitebysite.it\/hotel-vicenza-fiera\/\" \/>\n<meta property=\"og:site_name\" content=\"Hotel Victoria Vicenza\" \/>\n<meta property=\"article:modified_time\" content=\"2019-04-04T09:25:51+00:00\" \/>\n<meta name=\"twitter:card\" content=\"summary_large_image\" \/>\n<meta name=\"twitter:label1\" content=\"Dur\u00e9e de lecture estim\u00e9e\" \/>\n\t<meta name=\"twitter:data1\" content=\"2 minutes\" \/>\n<script type=\"application\/ld+json\" class=\"yoast-schema-graph\">{\"@context\":\"https:\/\/schema.org\",\"@graph\":[{\"@type\":\"WebPage\",\"@id\":\"https:\/\/hvv.sitebysite.it\/hotel-vicenza-fiera\/\",\"url\":\"https:\/\/hvv.sitebysite.it\/hotel-vicenza-fiera\/\",\"name\":\"H\u00f4tel - Hotel Victoria Vicenza\",\"isPartOf\":{\"@id\":\"https:\/\/hvv.sitebysite.it\/#website\"},\"datePublished\":\"2019-03-26T07:46:02+00:00\",\"dateModified\":\"2019-04-04T09:25:51+00:00\",\"description\":\"L\u2019H\u00f4tel R\u00e9sidence Victoria est id\u00e9al pour votre s\u00e9jour \u00e0 Vicenza, car il est \u00e0 seulement 5 minutes du centre ville et \u00e0 proximit\u00e9 de toutes les attractions principales, cependant, il est absolument calme.\",\"breadcrumb\":{\"@id\":\"https:\/\/hvv.sitebysite.it\/hotel-vicenza-fiera\/#breadcrumb\"},\"inLanguage\":\"fr-FR\",\"potentialAction\":[{\"@type\":\"ReadAction\",\"target\":[\"https:\/\/hvv.sitebysite.it\/hotel-vicenza-fiera\/\"]}]},{\"@type\":\"BreadcrumbList\",\"@id\":\"https:\/\/hvv.sitebysite.it\/hotel-vicenza-fiera\/#breadcrumb\",\"itemListElement\":[{\"@type\":\"ListItem\",\"position\":1,\"name\":\"Home\",\"item\":\"https:\/\/hvv.sitebysite.it\/\"},{\"@type\":\"ListItem\",\"position\":2,\"name\":\"H\u00f4tel\"}]},{\"@type\":\"WebSite\",\"@id\":\"https:\/\/hvv.sitebysite.it\/#website\",\"url\":\"https:\/\/hvv.sitebysite.it\/\",\"name\":\"Hotel Victoria Vicenza\",\"description\":\"\",\"potentialAction\":[{\"@type\":\"SearchAction\",\"target\":{\"@type\":\"EntryPoint\",\"urlTemplate\":\"https:\/\/hvv.sitebysite.it\/?s={search_term_string}\"},\"query-input\":\"required name=search_term_string\"}],\"inLanguage\":\"fr-FR\"}]}<\/script>\n<!-- \/ Yoast SEO plugin. -->","yoast_head_json":{"title":"H\u00f4tel - Hotel Victoria Vicenza","description":"L\u2019H\u00f4tel R\u00e9sidence Victoria est id\u00e9al pour votre s\u00e9jour \u00e0 Vicenza, car il est \u00e0 seulement 5 minutes du centre ville et \u00e0 proximit\u00e9 de toutes les attractions principales, cependant, il est absolument calme.","robots":{"index":"noindex","follow":"follow","max-snippet":"max-snippet:-1","max-image-preview":"max-image-preview:large","max-video-preview":"max-video-preview:-1"},"og_locale":"fr_FR","og_type":"article","og_title":"H\u00f4tel - Hotel Victoria Vicenza","og_description":"L\u2019H\u00f4tel R\u00e9sidence Victoria est id\u00e9al pour votre s\u00e9jour \u00e0 Vicenza, car il est \u00e0 seulement 5 minutes du centre ville et \u00e0 proximit\u00e9 de toutes les attractions principales, cependant, il est absolument calme.","og_url":"https:\/\/hvv.sitebysite.it\/hotel-vicenza-fiera\/","og_site_name":"Hotel Victoria Vicenza","article_modified_time":"2019-04-04T09:25:51+00:00","twitter_card":"summary_large_image","twitter_misc":{"Dur\u00e9e de lecture estim\u00e9e":"2 minutes"},"schema":{"@context":"https:\/\/schema.org","@graph":[{"@type":"WebPage","@id":"https:\/\/hvv.sitebysite.it\/hotel-vicenza-fiera\/","url":"https:\/\/hvv.sitebysite.it\/hotel-vicenza-fiera\/","name":"H\u00f4tel - Hotel Victoria Vicenza","isPartOf":{"@id":"https:\/\/hvv.sitebysite.it\/#website"},"datePublished":"2019-03-26T07:46:02+00:00","dateModified":"2019-04-04T09:25:51+00:00","description":"L\u2019H\u00f4tel R\u00e9sidence Victoria est id\u00e9al pour votre s\u00e9jour \u00e0 Vicenza, car il est \u00e0 seulement 5 minutes du centre ville et \u00e0 proximit\u00e9 de toutes les attractions principales, cependant, il est absolument calme.","breadcrumb":{"@id":"https:\/\/hvv.sitebysite.it\/hotel-vicenza-fiera\/#breadcrumb"},"inLanguage":"fr-FR","potentialAction":[{"@type":"ReadAction","target":["https:\/\/hvv.sitebysite.it\/hotel-vicenza-fiera\/"]}]},{"@type":"BreadcrumbList","@id":"https:\/\/hvv.sitebysite.it\/hotel-vicenza-fiera\/#breadcrumb","itemListElement":[{"@type":"ListItem","position":1,"name":"Home","item":"https:\/\/hvv.sitebysite.it\/"},{"@type":"ListItem","position":2,"name":"H\u00f4tel"}]},{"@type":"WebSite","@id":"https:\/\/hvv.sitebysite.it\/#website","url":"https:\/\/hvv.sitebysite.it\/","name":"Hotel Victoria Vicenza","description":"","potentialAction":[{"@type":"SearchAction","target":{"@type":"EntryPoint","urlTemplate":"https:\/\/hvv.sitebysite.it\/?s={search_term_string}"},"query-input":"required name=search_term_string"}],"inLanguage":"fr-FR"}]}},"_links":{"self":[{"href":"https:\/\/hvv.sitebysite.it\/fr\/wp-json\/wp\/v2\/pages\/3928"}],"collection":[{"href":"https:\/\/hvv.sitebysite.it\/fr\/wp-json\/wp\/v2\/pages"}],"about":[{"href":"https:\/\/hvv.sitebysite.it\/fr\/wp-json\/wp\/v2\/types\/page"}],"author":[{"embeddable":true,"href":"https:\/\/hvv.sitebysite.it\/fr\/wp-json\/wp\/v2\/users\/1"}],"replies":[{"embeddable":true,"href":"https:\/\/hvv.sitebysite.it\/fr\/wp-json\/wp\/v2\/comments?post=3928"}],"version-history":[{"count":0,"href":"https:\/\/hvv.sitebysite.it\/fr\/wp-json\/wp\/v2\/pages\/3928\/revisions"}],"wp:attachment":[{"href":"https:\/\/hvv.sitebysite.it\/fr\/wp-json\/wp\/v2\/media?parent=3928"}],"curies":[{"name":"wp","href":"https:\/\/api.w.org\/{rel}","templated":true}]}}