{"id":3988,"date":"2019-03-26T09:55:24","date_gmt":"2019-03-26T08:55:24","guid":{"rendered":"https:\/\/hotelvictoriavicenza.com\/?page_id=3988"},"modified":"2019-04-05T09:54:42","modified_gmt":"2019-04-05T07:54:42","slug":"salon-de-fitness","status":"publish","type":"page","link":"https:\/\/hvv.sitebysite.it\/es\/salon-de-fitness\/","title":{"rendered":"Sal\u00f2n de Fitness"},"content":{"rendered":"<div id='full_slider_1'  class='avia-fullwidth-slider main_color avia-shadow   avia-builder-el-0  el_before_av_section  avia-builder-el-first   container_wrap sidebar_right'  ><div  class='avia-slideshow av-ju3rx3oa-1c794e7edab52d227164e687ca4660f9 avia-slideshow-featured av_slideshow_full avia-slide-slider av-slideshow-ui av-control-hidden av-no-slider-navigation av-hide-nav-arrows av-slideshow-manual av-loop-once av-loop-manual-endless av-default-height-applied   avia-slideshow-1' data-slideshow-options=\"{&quot;animation&quot;:&quot;slide&quot;,&quot;autoplay&quot;:false,&quot;loop_autoplay&quot;:&quot;once&quot;,&quot;interval&quot;:5,&quot;loop_manual&quot;:&quot;manual-endless&quot;,&quot;autoplay_stopper&quot;:false,&quot;noNavigation&quot;:true,&quot;bg_slider&quot;:false,&quot;keep_padding&quot;:false,&quot;hoverpause&quot;:false,&quot;show_slide_delay&quot;:0}\"  itemprop=\"image\" itemscope=\"itemscope\" itemtype=\"https:\/\/schema.org\/ImageObject\" ><ul class='avia-slideshow-inner ' style='padding-bottom: 30.540827147402%;'><li  class='avia-slideshow-slide av-ju3rx3oa-1c794e7edab52d227164e687ca4660f9__0  av-single-slide slide-1 slide-odd'><div data-rel='slideshow-1' class='avia-slide-wrap '   ><img decoding=\"async\" fetchpriority=\"high\" class=\"wp-image-3467 avia-img-lazy-loading-not-3467\"  src=\"https:\/\/hvv.sitebysite.it\/wp-content\/uploads\/2019\/02\/palestra.jpg\" width=\"943\" height=\"288\" title='palestra' alt=''  itemprop=\"thumbnailUrl\" srcset=\"https:\/\/hvv.sitebysite.it\/wp-content\/uploads\/2019\/02\/palestra.jpg 943w, https:\/\/hvv.sitebysite.it\/wp-content\/uploads\/2019\/02\/palestra-300x92.jpg 300w, https:\/\/hvv.sitebysite.it\/wp-content\/uploads\/2019\/02\/palestra-768x235.jpg 768w, https:\/\/hvv.sitebysite.it\/wp-content\/uploads\/2019\/02\/palestra-705x215.jpg 705w, https:\/\/hvv.sitebysite.it\/wp-content\/uploads\/2019\/02\/palestra-450x137.jpg 450w\" sizes=\"(max-width: 943px) 100vw, 943px\" \/><\/div><\/li><\/ul><\/div><\/div>\n<div id='av_section_1'  class='avia-section av-6kyzbk-d259ed2fcdd4caba2309b163690c3fbf main_color avia-section-default avia-no-border-styling  avia-builder-el-1  el_after_av_slideshow_full  el_before_av_section  avia-bg-style-scroll container_wrap sidebar_right'  ><div class='container av-section-cont-open' ><div class='template-page content  av-content-small alpha units'><div class='post-entry post-entry-type-page post-entry-3988'><div class='entry-content-wrapper clearfix'>\n\n<style type=\"text\/css\" data-created_by=\"avia_inline_auto\" id=\"style-css-av-9v6xl-5be1a6966662d4d2585a3baab5c2c697\">\n.flex_column.av-9v6xl-5be1a6966662d4d2585a3baab5c2c697{\nborder-radius:0px 0px 0px 0px;\npadding:0px 0px 0px 0px;\n}\n<\/style>\n<div  class='flex_column av-9v6xl-5be1a6966662d4d2585a3baab5c2c697 av_one_third  avia-builder-el-2  el_before_av_two_third  avia-builder-el-first  first flex_column_div av-zero-column-padding  '     ><style type=\"text\/css\" data-created_by=\"avia_inline_auto\" id=\"style-css-av-jsu7wfd5-1ff2f2390e53723b2ebd3b17b8c91ce1\">\n.avia-image-container.av-jsu7wfd5-1ff2f2390e53723b2ebd3b17b8c91ce1 img.avia_image{\nbox-shadow:none;\n}\n.avia-image-container.av-jsu7wfd5-1ff2f2390e53723b2ebd3b17b8c91ce1 .av-image-caption-overlay-center{\ncolor:#ffffff;\n}\n<\/style>\n<div  class='avia-image-container av-jsu7wfd5-1ff2f2390e53723b2ebd3b17b8c91ce1 av-styling- avia-align-center  avia-builder-el-3  avia-builder-el-no-sibling '   itemprop=\"image\" itemscope=\"itemscope\" itemtype=\"https:\/\/schema.org\/ImageObject\" ><div class=\"avia-image-container-inner\"><div class=\"avia-image-overlay-wrap\"><img decoding=\"async\" fetchpriority=\"high\" class='wp-image-3629 avia-img-lazy-loading-not-3629 avia_image ' src=\"https:\/\/hvv.sitebysite.it\/wp-content\/uploads\/2019\/02\/15-500x350.jpg\" alt='' title='15-500x350'  height=\"350\" width=\"500\"  itemprop=\"thumbnailUrl\" srcset=\"https:\/\/hvv.sitebysite.it\/wp-content\/uploads\/2019\/02\/15-500x350.jpg 500w, https:\/\/hvv.sitebysite.it\/wp-content\/uploads\/2019\/02\/15-500x350-300x210.jpg 300w, https:\/\/hvv.sitebysite.it\/wp-content\/uploads\/2019\/02\/15-500x350-450x315.jpg 450w\" sizes=\"(max-width: 500px) 100vw, 500px\" \/><\/div><\/div><\/div><\/div>\n<style type=\"text\/css\" data-created_by=\"avia_inline_auto\" id=\"style-css-av-4s1g34-8cba260c1ec47636d07be7835a90fd32\">\n.flex_column.av-4s1g34-8cba260c1ec47636d07be7835a90fd32{\nborder-radius:0px 0px 0px 0px;\npadding:0px 0px 0px 0px;\n}\n<\/style>\n<div  class='flex_column av-4s1g34-8cba260c1ec47636d07be7835a90fd32 av_two_third  avia-builder-el-4  el_after_av_one_third  avia-builder-el-last  flex_column_div av-zero-column-padding  '     ><section  class='av_textblock_section av-jr64f8p1-1d42a2100d088f9c4dbd4f7b62d950e5 '   itemscope=\"itemscope\" itemtype=\"https:\/\/schema.org\/CreativeWork\" ><div class='avia_textblock'  itemprop=\"text\" ><p>El Hotel Victoria pone a disposici\u00f2n de sus hu\u00e9spedes un sal\u00f2n de Fitness equipado para el mantenimiento de la forma fisica.<\/p>\n<\/div><\/section><\/div>\n\n<\/div><\/div><\/div><!-- close content main div --><\/div><\/div>\n<style type=\"text\/css\" data-created_by=\"avia_inline_auto\" id=\"style-css-av-jqw8wxhj-be0d6cd41fc276fffad388abf0c3ae82\">\n.avia-section.av-jqw8wxhj-be0d6cd41fc276fffad388abf0c3ae82{\nmargin-top:0px;\nmargin-bottom:30px;\n}\n<\/style>\n<div id='av_section_2'  class='avia-section av-jqw8wxhj-be0d6cd41fc276fffad388abf0c3ae82 main_color avia-section-no-padding avia-no-border-styling  avia-builder-el-6  el_after_av_section  el_before_av_codeblock  avia-bg-style-scroll container_wrap sidebar_right'  ><div class='container av-section-cont-open' ><div class='template-page content  av-content-small alpha units'><div class='post-entry post-entry-type-page post-entry-3988'><div class='entry-content-wrapper clearfix'>\n<section  class='av_textblock_section av-jqmirnb9-5eb9f6f7be7a30bede21b33ece4d87e5 '   itemscope=\"itemscope\" itemtype=\"https:\/\/schema.org\/CreativeWork\" ><div class='avia_textblock'  itemprop=\"text\" ><h2 style=\"text-align: center; margin: 30px 0 0; text-transform: none;\">Descubre el salon fitness<\/h2>\n<\/div><\/section>\n\n<style type=\"text\/css\" data-created_by=\"avia_inline_auto\" id=\"style-css-av-jqw8ogxl-03aa41a5533063047cf377adedc37110\">\n.av-horizontal-gallery.av-jqw8ogxl-03aa41a5533063047cf377adedc37110{\npadding:3.75% 0px;;\n}\n.av-horizontal-gallery.av-jqw8ogxl-03aa41a5533063047cf377adedc37110 .av-horizontal-gallery-inner{\npadding-bottom:25%;\n}\n<\/style>\n<div  class='av-horizontal-gallery av-jqw8ogxl-03aa41a5533063047cf377adedc37110 av-horizontal-gallery-large-gap av-horizontal-gallery-enlarge-effect  avia-builder-el-8  el_after_av_textblock  avia-builder-el-last  av-slideshow-ui av-control-default av-slideshow-manual av-loop-once av-loop-manual-endless av-horizontal-gallery-1' data-slideshow-data=\"{&quot;enlarge&quot;:1.3000000000000000444089209850062616169452667236328125,&quot;animation&quot;:&quot;slide&quot;,&quot;autoplay&quot;:false,&quot;loop_autoplay&quot;:&quot;once&quot;,&quot;interval&quot;:5,&quot;loop_manual&quot;:&quot;manual-endless&quot;,&quot;autoplay_stopper&quot;:false,&quot;noNavigation&quot;:false,&quot;bg_slider&quot;:false,&quot;keep_padding&quot;:&quot;&quot;,&quot;hoverpause&quot;:false,&quot;show_slide_delay&quot;:0}\"  itemprop=\"image\" itemscope=\"itemscope\" itemtype=\"https:\/\/schema.org\/ImageObject\" ><div class='avia-slideshow-arrows avia-slideshow-controls' ><a href='#prev' class='prev-slide av-horizontal-gallery-prev' aria-hidden='true' data-av_icon='\ue87c' data-av_iconfont='entypo-fontello'  tabindex='-1'>Anterior<\/a><a href='#next' class='next-slide av-horizontal-gallery-next' aria-hidden='true' data-av_icon='\ue87d' data-av_iconfont='entypo-fontello'  tabindex='-1'>Posterior<\/a><\/div><div class='avia-slideshow-dots avia-slideshow-controls av-horizontal-gallery-dots fade-in'><a href='#1' class='goto-slide active' >1<\/a><a href='#2' class='goto-slide ' >2<\/a><\/div><div class='av-horizontal-gallery-inner' data-av-height='25'><div class=\"av-horizontal-gallery-slider\"><div class=\"av-horizontal-gallery-wrap noHover\"><img decoding=\"async\" loading=\"lazy\" class='wp-image-2412 avia-img-lazy-loading-2412 av-horizontal-gallery-img' width=\"600\" height=\"397\" src=\"https:\/\/hvv.sitebysite.it\/wp-content\/uploads\/2019\/02\/25.jpg\" title='25' alt='' srcset=\"https:\/\/hvv.sitebysite.it\/wp-content\/uploads\/2019\/02\/25.jpg 600w, https:\/\/hvv.sitebysite.it\/wp-content\/uploads\/2019\/02\/25-300x199.jpg 300w, https:\/\/hvv.sitebysite.it\/wp-content\/uploads\/2019\/02\/25-450x298.jpg 450w\" sizes=\"(max-width: 600px) 100vw, 600px\" \/><a href=\"https:\/\/hvv.sitebysite.it\/wp-content\/uploads\/2019\/02\/25.jpg\" data-srcset=\"https:\/\/hvv.sitebysite.it\/wp-content\/uploads\/2019\/02\/25.jpg 600w, https:\/\/hvv.sitebysite.it\/wp-content\/uploads\/2019\/02\/25-300x199.jpg 300w, https:\/\/hvv.sitebysite.it\/wp-content\/uploads\/2019\/02\/25-450x298.jpg 450w\" data-sizes=\"(max-width: 600px) 100vw, 600px\" class='av-horizontal-gallery-link' aria-hidden='true' data-av_icon='\ue869' data-av_iconfont='entypo-fontello' title='25' alt=''><\/a><\/div><div class=\"av-horizontal-gallery-wrap noHover\"><img decoding=\"async\" loading=\"lazy\" class='wp-image-3629 avia-img-lazy-loading-3629 av-horizontal-gallery-img' width=\"500\" height=\"350\" src=\"https:\/\/hvv.sitebysite.it\/wp-content\/uploads\/2019\/02\/15-500x350.jpg\" title='15-500x350' alt='' srcset=\"https:\/\/hvv.sitebysite.it\/wp-content\/uploads\/2019\/02\/15-500x350.jpg 500w, https:\/\/hvv.sitebysite.it\/wp-content\/uploads\/2019\/02\/15-500x350-300x210.jpg 300w, https:\/\/hvv.sitebysite.it\/wp-content\/uploads\/2019\/02\/15-500x350-450x315.jpg 450w\" sizes=\"(max-width: 500px) 100vw, 500px\" \/><a href=\"https:\/\/hvv.sitebysite.it\/wp-content\/uploads\/2019\/02\/15-500x350.jpg\" data-srcset=\"https:\/\/hvv.sitebysite.it\/wp-content\/uploads\/2019\/02\/15-500x350.jpg 500w, https:\/\/hvv.sitebysite.it\/wp-content\/uploads\/2019\/02\/15-500x350-300x210.jpg 300w, https:\/\/hvv.sitebysite.it\/wp-content\/uploads\/2019\/02\/15-500x350-450x315.jpg 450w\" data-sizes=\"(max-width: 500px) 100vw, 500px\" class='av-horizontal-gallery-link' aria-hidden='true' data-av_icon='\ue869' data-av_iconfont='entypo-fontello' title='15-500x350' alt=''><\/a><\/div><\/div><\/div><\/div>\n<\/div><\/div><\/div><!-- close content main div --><\/div><\/div><div id='after_section_2'  class='main_color av_default_container_wrap container_wrap sidebar_right'  ><div class='container av-section-cont-open' ><div class='template-page content  av-content-small alpha units'><div class='post-entry post-entry-type-page post-entry-3988'><div class='entry-content-wrapper clearfix'>\n\n","protected":false},"excerpt":{"rendered":"","protected":false},"author":1,"featured_media":0,"parent":0,"menu_order":0,"comment_status":"closed","ping_status":"closed","template":"","meta":{"footnotes":""},"yoast_head":"<!-- This site is optimized with the Yoast SEO plugin v22.7 - https:\/\/yoast.com\/wordpress\/plugins\/seo\/ -->\n<title>Hotel con gimnasio vicenza - ofertas hoteles 4 estrellas vicenza<\/title>\n<meta name=\"description\" content=\"Hotel Victoria Vicenza, el hotel con gimnasio Vicenza. Ofertas hoteles 4 estrellas vicenza, habitaciones de lujo en Vicenza - Italy\" \/>\n<meta name=\"robots\" content=\"noindex, follow, max-snippet:-1, max-image-preview:large, max-video-preview:-1\" \/>\n<meta property=\"og:locale\" content=\"es_ES\" \/>\n<meta property=\"og:type\" content=\"article\" \/>\n<meta property=\"og:title\" content=\"Hotel con gimnasio vicenza - ofertas hoteles 4 estrellas vicenza\" \/>\n<meta property=\"og:description\" content=\"Hotel Victoria Vicenza, el hotel con gimnasio Vicenza. Ofertas hoteles 4 estrellas vicenza, habitaciones de lujo en Vicenza - Italy\" \/>\n<meta property=\"og:url\" content=\"https:\/\/hvv.sitebysite.it\/salon-de-fitness\/\" \/>\n<meta property=\"og:site_name\" content=\"Hotel Victoria Vicenza\" \/>\n<meta property=\"article:modified_time\" content=\"2019-04-05T07:54:42+00:00\" \/>\n<meta name=\"twitter:card\" content=\"summary_large_image\" \/>\n<meta name=\"twitter:label1\" content=\"Tiempo de lectura\" \/>\n\t<meta name=\"twitter:data1\" content=\"4 minutos\" \/>\n<script type=\"application\/ld+json\" class=\"yoast-schema-graph\">{\"@context\":\"https:\/\/schema.org\",\"@graph\":[{\"@type\":\"WebPage\",\"@id\":\"https:\/\/hvv.sitebysite.it\/salon-de-fitness\/\",\"url\":\"https:\/\/hvv.sitebysite.it\/salon-de-fitness\/\",\"name\":\"Hotel con gimnasio vicenza - ofertas hoteles 4 estrellas vicenza\",\"isPartOf\":{\"@id\":\"https:\/\/hvv.sitebysite.it\/#website\"},\"datePublished\":\"2019-03-26T08:55:24+00:00\",\"dateModified\":\"2019-04-05T07:54:42+00:00\",\"description\":\"Hotel Victoria Vicenza, el hotel con gimnasio Vicenza. Ofertas hoteles 4 estrellas vicenza, habitaciones de lujo en Vicenza - Italy\",\"breadcrumb\":{\"@id\":\"https:\/\/hvv.sitebysite.it\/salon-de-fitness\/#breadcrumb\"},\"inLanguage\":\"es\",\"potentialAction\":[{\"@type\":\"ReadAction\",\"target\":[\"https:\/\/hvv.sitebysite.it\/salon-de-fitness\/\"]}]},{\"@type\":\"BreadcrumbList\",\"@id\":\"https:\/\/hvv.sitebysite.it\/salon-de-fitness\/#breadcrumb\",\"itemListElement\":[{\"@type\":\"ListItem\",\"position\":1,\"name\":\"Home\",\"item\":\"https:\/\/hvv.sitebysite.it\/\"},{\"@type\":\"ListItem\",\"position\":2,\"name\":\"Sal\u00f2n de Fitness\"}]},{\"@type\":\"WebSite\",\"@id\":\"https:\/\/hvv.sitebysite.it\/#website\",\"url\":\"https:\/\/hvv.sitebysite.it\/\",\"name\":\"Hotel Victoria Vicenza\",\"description\":\"\",\"potentialAction\":[{\"@type\":\"SearchAction\",\"target\":{\"@type\":\"EntryPoint\",\"urlTemplate\":\"https:\/\/hvv.sitebysite.it\/?s={search_term_string}\"},\"query-input\":\"required name=search_term_string\"}],\"inLanguage\":\"es\"}]}<\/script>\n<!-- \/ Yoast SEO plugin. -->","yoast_head_json":{"title":"Hotel con gimnasio vicenza - ofertas hoteles 4 estrellas vicenza","description":"Hotel Victoria Vicenza, el hotel con gimnasio Vicenza. Ofertas hoteles 4 estrellas vicenza, habitaciones de lujo en Vicenza - Italy","robots":{"index":"noindex","follow":"follow","max-snippet":"max-snippet:-1","max-image-preview":"max-image-preview:large","max-video-preview":"max-video-preview:-1"},"og_locale":"es_ES","og_type":"article","og_title":"Hotel con gimnasio vicenza - ofertas hoteles 4 estrellas vicenza","og_description":"Hotel Victoria Vicenza, el hotel con gimnasio Vicenza. Ofertas hoteles 4 estrellas vicenza, habitaciones de lujo en Vicenza - Italy","og_url":"https:\/\/hvv.sitebysite.it\/salon-de-fitness\/","og_site_name":"Hotel Victoria Vicenza","article_modified_time":"2019-04-05T07:54:42+00:00","twitter_card":"summary_large_image","twitter_misc":{"Tiempo de lectura":"4 minutos"},"schema":{"@context":"https:\/\/schema.org","@graph":[{"@type":"WebPage","@id":"https:\/\/hvv.sitebysite.it\/salon-de-fitness\/","url":"https:\/\/hvv.sitebysite.it\/salon-de-fitness\/","name":"Hotel con gimnasio vicenza - ofertas hoteles 4 estrellas vicenza","isPartOf":{"@id":"https:\/\/hvv.sitebysite.it\/#website"},"datePublished":"2019-03-26T08:55:24+00:00","dateModified":"2019-04-05T07:54:42+00:00","description":"Hotel Victoria Vicenza, el hotel con gimnasio Vicenza. Ofertas hoteles 4 estrellas vicenza, habitaciones de lujo en Vicenza - Italy","breadcrumb":{"@id":"https:\/\/hvv.sitebysite.it\/salon-de-fitness\/#breadcrumb"},"inLanguage":"es","potentialAction":[{"@type":"ReadAction","target":["https:\/\/hvv.sitebysite.it\/salon-de-fitness\/"]}]},{"@type":"BreadcrumbList","@id":"https:\/\/hvv.sitebysite.it\/salon-de-fitness\/#breadcrumb","itemListElement":[{"@type":"ListItem","position":1,"name":"Home","item":"https:\/\/hvv.sitebysite.it\/"},{"@type":"ListItem","position":2,"name":"Sal\u00f2n de Fitness"}]},{"@type":"WebSite","@id":"https:\/\/hvv.sitebysite.it\/#website","url":"https:\/\/hvv.sitebysite.it\/","name":"Hotel Victoria Vicenza","description":"","potentialAction":[{"@type":"SearchAction","target":{"@type":"EntryPoint","urlTemplate":"https:\/\/hvv.sitebysite.it\/?s={search_term_string}"},"query-input":"required name=search_term_string"}],"inLanguage":"es"}]}},"_links":{"self":[{"href":"https:\/\/hvv.sitebysite.it\/es\/wp-json\/wp\/v2\/pages\/3988"}],"collection":[{"href":"https:\/\/hvv.sitebysite.it\/es\/wp-json\/wp\/v2\/pages"}],"about":[{"href":"https:\/\/hvv.sitebysite.it\/es\/wp-json\/wp\/v2\/types\/page"}],"author":[{"embeddable":true,"href":"https:\/\/hvv.sitebysite.it\/es\/wp-json\/wp\/v2\/users\/1"}],"replies":[{"embeddable":true,"href":"https:\/\/hvv.sitebysite.it\/es\/wp-json\/wp\/v2\/comments?post=3988"}],"version-history":[{"count":0,"href":"https:\/\/hvv.sitebysite.it\/es\/wp-json\/wp\/v2\/pages\/3988\/revisions"}],"wp:attachment":[{"href":"https:\/\/hvv.sitebysite.it\/es\/wp-json\/wp\/v2\/media?parent=3988"}],"curies":[{"name":"wp","href":"https:\/\/api.w.org\/{rel}","templated":true}]}}