{"id":3925,"date":"2019-03-26T08:46:18","date_gmt":"2019-03-26T07:46:18","guid":{"rendered":"https:\/\/hotelvictoriavicenza.com\/?page_id=3925"},"modified":"2019-05-15T12:21:14","modified_gmt":"2019-05-15T10:21:14","slug":"el-hotel","status":"publish","type":"page","link":"https:\/\/hvv.sitebysite.it\/es\/el-hotel\/","title":{"rendered":"El Hotel"},"content":{"rendered":"<div id='av_section_1'  class='avia-section av-6kyzbk-d259ed2fcdd4caba2309b163690c3fbf main_color avia-section-default avia-no-border-styling  avia-builder-el-0  el_before_av_codeblock  avia-builder-el-first  avia-bg-style-scroll container_wrap sidebar_right'  ><div class='container av-section-cont-open' ><main  role=\"main\" itemprop=\"mainContentOfPage\"  class='template-page content  av-content-small alpha units'><div class='post-entry post-entry-type-page post-entry-3925'><div class='entry-content-wrapper clearfix'>\n\n<style type=\"text\/css\" data-created_by=\"avia_inline_auto\" id=\"style-css-av-4s1g34-c5d6fd970b062ffb774b880bfff5c624\">\n.flex_column.av-4s1g34-c5d6fd970b062ffb774b880bfff5c624{\nborder-radius:0px 0px 0px 0px;\npadding:0px 0px 0px 0px;\n}\n<\/style>\n<div  class='flex_column av-4s1g34-c5d6fd970b062ffb774b880bfff5c624 av_one_full  avia-builder-el-1  avia-builder-el-no-sibling  first flex_column_div av-zero-column-padding  '     ><section  class='av_textblock_section av-jr64f8p1-1d42a2100d088f9c4dbd4f7b62d950e5 '   itemscope=\"itemscope\" itemtype=\"https:\/\/schema.org\/CreativeWork\" ><div class='avia_textblock'  itemprop=\"text\" ><h3>Hotel Victoria Vicenza &#8211; el hotel en Vicenza donde podr\u00e1 disfrutar de una excelente estancia.<\/h3>\n<p>El hotel de 4 estrellas, ubicado cerca del centro hist\u00f3rico de la ciudad, cuenta con 120 habitaciones, gimnasio, piscina exterior y restaurante pizzer\u00eda.<\/p>\n<p>Se encuentra a solo 5 km del casco antiguo de la ciudad y a 11 km de la <strong>Feria de Vicenza<\/strong>, adem\u00e1s es f\u00e1cilmente accesible desde la salida <strong>Vicenza Est<\/strong> de la autopista A4.<\/p>\n<p>Llegar al\u00a0<strong>Hotel Residence Victoria<\/strong>\u00a0es muy simple: si llega en coche desde la autopista, coja la salida \u201cVicenza Est\u201d y siga la direcci\u00f2n del centro ciudad por cerca de un kil\u00f3metro.<\/p>\n<p>El Hotel Victoria es el alojamiento ideal para aquellos que buscan un hotel de negocios y para aquellos que quieren descubrir la ciudad y sus alrededores.<\/p>\n<p>D\u00e9jate conquistar por nuestras habitaciones de dise\u00f1o, por sus estilo moderno y refinado, por el mobiliario elegante y moderno, renovado recientemente. Equipadas con todas las comodidades, amplias y luminosas, las habitaciones de nuestro hotel har\u00e1n que su estancia en Vicenza sea inolvidable.<\/p>\n<p>Nuestro hotel ofrece\u00a0<strong>confortables habitaciones<\/strong>\u00a0\u201c<a href=\"https:\/\/hotelvictoriavicenza.com\/es\/habitaciones\/habitacion-superior\/\"><em>Superior<\/em><\/a>\u201c, \u201c<a href=\"https:\/\/hotelvictoriavicenza.com\/es\/habitaciones\/habitacion-new-standard\/\"><em>Normal<\/em><\/a>\u201c, \u201c<a href=\"https:\/\/hotelvictoriavicenza.com\/es\/habitaciones\/habitacion-deluxe\/\"><em>Deluxe<\/em><\/a>\u201c, \u201c<a href=\"https:\/\/hotelvictoriavicenza.com\/es\/habitaciones\/habitacion-executive\/\"><em>Executive<\/em><\/a>\u201d y \u201c<a href=\"https:\/\/hotelvictoriavicenza.com\/es\/habitaciones\/habitacion-suite\/\"><em>Pisos<\/em><\/a>\u201c.<\/p>\n<p>Ya sea un viaje de negocios, una visita tur\u00edstica con familia o amigos, o una noche rom\u00e1ntica, prep\u00e1rate para disfrutar de unas fant\u00e1sticas vacaciones en este para\u00edso con habitaciones excelentes y un desayuno muy rico.<\/p>\n<p>Nuestros servicios incluyen:<\/p>\n<ul>\n<li>Restaurante pizzer\u00eda<\/li>\n<li>Gimnasio<\/li>\n<li>Piscina exterior<\/li>\n<li>Zona sol\u00e1rium<\/li>\n<li>Sala de conferencias<\/li>\n<li>Aparcamiento gratuito<\/li>\n<li>Wi-fi gratis<\/li>\n<\/ul>\n<\/div><\/section><\/div><\/div><\/div><\/main><!-- close content main element --><\/div><\/div><div id='after_section_1'  class='main_color av_default_container_wrap container_wrap sidebar_right'  ><div class='container av-section-cont-open' ><div class='template-page content  av-content-small alpha units'><div class='post-entry post-entry-type-page post-entry-3925'><div class='entry-content-wrapper clearfix'><\/p>\n","protected":false},"excerpt":{"rendered":"","protected":false},"author":1,"featured_media":0,"parent":0,"menu_order":0,"comment_status":"closed","ping_status":"closed","template":"","meta":{"footnotes":""},"yoast_head":"<!-- This site is optimized with the Yoast SEO plugin v22.7 - https:\/\/yoast.com\/wordpress\/plugins\/seo\/ -->\n<title>El Hotel - Hotel Victoria Vicenza - Hotel wellness in Vicenza<\/title>\n<meta name=\"description\" content=\"El Hotel Residence Victoria es ideal para su estancia en Vicenza - En nuestra piscina de verano se pueden disfrutar aut\u00e8nticos momentos de relax\" \/>\n<meta name=\"robots\" content=\"noindex, follow, max-snippet:-1, max-image-preview:large, max-video-preview:-1\" \/>\n<meta property=\"og:locale\" content=\"es_ES\" \/>\n<meta property=\"og:type\" content=\"article\" \/>\n<meta property=\"og:title\" content=\"El Hotel - Hotel Victoria Vicenza - Hotel wellness in Vicenza\" \/>\n<meta property=\"og:description\" content=\"El Hotel Residence Victoria es ideal para su estancia en Vicenza - En nuestra piscina de verano se pueden disfrutar aut\u00e8nticos momentos de relax\" \/>\n<meta property=\"og:url\" content=\"https:\/\/hvv.sitebysite.it\/el-hotel\/\" \/>\n<meta property=\"og:site_name\" content=\"Hotel Victoria Vicenza\" \/>\n<meta property=\"article:modified_time\" content=\"2019-05-15T10:21:14+00:00\" \/>\n<meta name=\"twitter:card\" content=\"summary_large_image\" \/>\n<meta name=\"twitter:label1\" content=\"Tiempo de lectura\" \/>\n\t<meta name=\"twitter:data1\" content=\"3 minutos\" \/>\n<script type=\"application\/ld+json\" class=\"yoast-schema-graph\">{\"@context\":\"https:\/\/schema.org\",\"@graph\":[{\"@type\":\"WebPage\",\"@id\":\"https:\/\/hvv.sitebysite.it\/el-hotel\/\",\"url\":\"https:\/\/hvv.sitebysite.it\/el-hotel\/\",\"name\":\"El Hotel - Hotel Victoria Vicenza - Hotel wellness in Vicenza\",\"isPartOf\":{\"@id\":\"https:\/\/hvv.sitebysite.it\/#website\"},\"datePublished\":\"2019-03-26T07:46:18+00:00\",\"dateModified\":\"2019-05-15T10:21:14+00:00\",\"description\":\"El Hotel Residence Victoria es ideal para su estancia en Vicenza - En nuestra piscina de verano se pueden disfrutar aut\u00e8nticos momentos de relax\",\"breadcrumb\":{\"@id\":\"https:\/\/hvv.sitebysite.it\/el-hotel\/#breadcrumb\"},\"inLanguage\":\"es\",\"potentialAction\":[{\"@type\":\"ReadAction\",\"target\":[\"https:\/\/hvv.sitebysite.it\/el-hotel\/\"]}]},{\"@type\":\"BreadcrumbList\",\"@id\":\"https:\/\/hvv.sitebysite.it\/el-hotel\/#breadcrumb\",\"itemListElement\":[{\"@type\":\"ListItem\",\"position\":1,\"name\":\"Home\",\"item\":\"https:\/\/hvv.sitebysite.it\/\"},{\"@type\":\"ListItem\",\"position\":2,\"name\":\"El Hotel\"}]},{\"@type\":\"WebSite\",\"@id\":\"https:\/\/hvv.sitebysite.it\/#website\",\"url\":\"https:\/\/hvv.sitebysite.it\/\",\"name\":\"Hotel Victoria Vicenza\",\"description\":\"\",\"potentialAction\":[{\"@type\":\"SearchAction\",\"target\":{\"@type\":\"EntryPoint\",\"urlTemplate\":\"https:\/\/hvv.sitebysite.it\/?s={search_term_string}\"},\"query-input\":\"required name=search_term_string\"}],\"inLanguage\":\"es\"}]}<\/script>\n<!-- \/ Yoast SEO plugin. -->","yoast_head_json":{"title":"El Hotel - Hotel Victoria Vicenza - Hotel wellness in Vicenza","description":"El Hotel Residence Victoria es ideal para su estancia en Vicenza - En nuestra piscina de verano se pueden disfrutar aut\u00e8nticos momentos de relax","robots":{"index":"noindex","follow":"follow","max-snippet":"max-snippet:-1","max-image-preview":"max-image-preview:large","max-video-preview":"max-video-preview:-1"},"og_locale":"es_ES","og_type":"article","og_title":"El Hotel - Hotel Victoria Vicenza - Hotel wellness in Vicenza","og_description":"El Hotel Residence Victoria es ideal para su estancia en Vicenza - En nuestra piscina de verano se pueden disfrutar aut\u00e8nticos momentos de relax","og_url":"https:\/\/hvv.sitebysite.it\/el-hotel\/","og_site_name":"Hotel Victoria Vicenza","article_modified_time":"2019-05-15T10:21:14+00:00","twitter_card":"summary_large_image","twitter_misc":{"Tiempo de lectura":"3 minutos"},"schema":{"@context":"https:\/\/schema.org","@graph":[{"@type":"WebPage","@id":"https:\/\/hvv.sitebysite.it\/el-hotel\/","url":"https:\/\/hvv.sitebysite.it\/el-hotel\/","name":"El Hotel - Hotel Victoria Vicenza - Hotel wellness in Vicenza","isPartOf":{"@id":"https:\/\/hvv.sitebysite.it\/#website"},"datePublished":"2019-03-26T07:46:18+00:00","dateModified":"2019-05-15T10:21:14+00:00","description":"El Hotel Residence Victoria es ideal para su estancia en Vicenza - En nuestra piscina de verano se pueden disfrutar aut\u00e8nticos momentos de relax","breadcrumb":{"@id":"https:\/\/hvv.sitebysite.it\/el-hotel\/#breadcrumb"},"inLanguage":"es","potentialAction":[{"@type":"ReadAction","target":["https:\/\/hvv.sitebysite.it\/el-hotel\/"]}]},{"@type":"BreadcrumbList","@id":"https:\/\/hvv.sitebysite.it\/el-hotel\/#breadcrumb","itemListElement":[{"@type":"ListItem","position":1,"name":"Home","item":"https:\/\/hvv.sitebysite.it\/"},{"@type":"ListItem","position":2,"name":"El Hotel"}]},{"@type":"WebSite","@id":"https:\/\/hvv.sitebysite.it\/#website","url":"https:\/\/hvv.sitebysite.it\/","name":"Hotel Victoria Vicenza","description":"","potentialAction":[{"@type":"SearchAction","target":{"@type":"EntryPoint","urlTemplate":"https:\/\/hvv.sitebysite.it\/?s={search_term_string}"},"query-input":"required name=search_term_string"}],"inLanguage":"es"}]}},"_links":{"self":[{"href":"https:\/\/hvv.sitebysite.it\/es\/wp-json\/wp\/v2\/pages\/3925"}],"collection":[{"href":"https:\/\/hvv.sitebysite.it\/es\/wp-json\/wp\/v2\/pages"}],"about":[{"href":"https:\/\/hvv.sitebysite.it\/es\/wp-json\/wp\/v2\/types\/page"}],"author":[{"embeddable":true,"href":"https:\/\/hvv.sitebysite.it\/es\/wp-json\/wp\/v2\/users\/1"}],"replies":[{"embeddable":true,"href":"https:\/\/hvv.sitebysite.it\/es\/wp-json\/wp\/v2\/comments?post=3925"}],"version-history":[{"count":0,"href":"https:\/\/hvv.sitebysite.it\/es\/wp-json\/wp\/v2\/pages\/3925\/revisions"}],"wp:attachment":[{"href":"https:\/\/hvv.sitebysite.it\/es\/wp-json\/wp\/v2\/media?parent=3925"}],"curies":[{"name":"wp","href":"https:\/\/api.w.org\/{rel}","templated":true}]}}