{"id":3926,"date":"2019-03-26T08:46:10","date_gmt":"2019-03-26T07:46:10","guid":{"rendered":"https:\/\/hotelvictoriavicenza.com\/?page_id=3926"},"modified":"2019-04-04T10:55:44","modified_gmt":"2019-04-04T08:55:44","slug":"hotel","status":"publish","type":"page","link":"https:\/\/hvv.sitebysite.it\/de\/hotel\/","title":{"rendered":"Hotel"},"content":{"rendered":"<div id='av_section_1'  class='avia-section av-6kyzbk-d259ed2fcdd4caba2309b163690c3fbf main_color avia-section-default avia-no-border-styling  avia-builder-el-0  el_before_av_codeblock  avia-builder-el-first  avia-bg-style-scroll container_wrap sidebar_right'  ><div class='container av-section-cont-open' ><main  role=\"main\" itemprop=\"mainContentOfPage\"  class='template-page content  av-content-small alpha units'><div class='post-entry post-entry-type-page post-entry-3926'><div class='entry-content-wrapper clearfix'>\n\n<style type=\"text\/css\" data-created_by=\"avia_inline_auto\" id=\"style-css-av-4s1g34-c5d6fd970b062ffb774b880bfff5c624\">\n.flex_column.av-4s1g34-c5d6fd970b062ffb774b880bfff5c624{\nborder-radius:0px 0px 0px 0px;\npadding:0px 0px 0px 0px;\n}\n<\/style>\n<div  class='flex_column av-4s1g34-c5d6fd970b062ffb774b880bfff5c624 av_one_full  avia-builder-el-1  avia-builder-el-no-sibling  first flex_column_div av-zero-column-padding  '     ><section  class='av_textblock_section av-jr64f8p1-1d42a2100d088f9c4dbd4f7b62d950e5 '   itemscope=\"itemscope\" itemtype=\"https:\/\/schema.org\/CreativeWork\" ><div class='avia_textblock'  itemprop=\"text\" ><p>Das\u00a0<strong>Hotel Victoria<\/strong>\u00a0ist deal fuer einen verl\u00e4ngerten lAufenthalt oder f\u00fcr einen kurzen Besuch der Stadt, da nur 5 Minuten Fahrt vom Zenrum entfernt und daf\u00fcr nahe an den wichtigsten Sehenswuerdigkeiten , aber gleichzeitig sehr ruhig. Ausserdem, ist das Hotel 1 Km von der\u00a0<strong>Ederle Kaserne<\/strong>, und 7 Km von der Messegelaende weit weg.<\/p>\n<p>Das\u00a0<strong>Hotel Residence Victoria<\/strong>\u00a0ist leicht zu erreichen: Mit dem Auto, von der Autobahn A4, die Ausfahrt \u201cVicenza Est\u201d nehmen, und der Beschilderung Stadtmitte oder\u00a0<strong>Kaserne Ederle fuer 1 Km folgen<\/strong>.<\/p>\n<p>Unser Hotel bietet\u00a0<strong>komfortable Zimmer<\/strong>\u00a0an : \u201c<a href=\"https:\/\/hotelvictoriavicenza.com\/de\/zimmer\/superior-zimmer\/\"><em>Superior<\/em><\/a>\u201d, \u201c<a href=\"https:\/\/hotelvictoriavicenza.com\/de\/zimmer\/standard-zimmer\/\"><em>Standard<\/em><\/a>\u201d, \u201c<a href=\"https:\/\/hotelvictoriavicenza.com\/de\/zimmer\/deluxe-zimmer\/\"><em>Deluxe<\/em><\/a>\u201d, \u201c<a href=\"https:\/\/hotelvictoriavicenza.com\/de\/zimmer\/executive-zimmer\/\"><em>Executive<\/em><\/a>\u201d und \u201c<a href=\"https:\/\/hotelvictoriavicenza.com\/de\/zimmer\/suite-zimmer\/\"><em>Apartments<\/em><\/a>\u201d mit hoechstem Komfort ausgestattet:<\/p>\n<ul>\n<li>Klimaanlage<\/li>\n<li>Satelliten Fernseher<\/li>\n<li>Kostenloses WI FI WLAN<\/li>\n<\/ul>\n<p>Der moderne Pool verwoehnt Sie mit einer Hydromassage-Ecke und ist in den ganzen Sommer ueber geoeffnet.<\/p>\n<\/div><\/section><\/div><\/div><\/div><\/main><!-- close content main element --><\/div><\/div><div id='after_section_1'  class='main_color av_default_container_wrap container_wrap sidebar_right'  ><div class='container av-section-cont-open' ><div class='template-page content  av-content-small alpha units'><div class='post-entry post-entry-type-page post-entry-3926'><div class='entry-content-wrapper clearfix'><\/p>\n","protected":false},"excerpt":{"rendered":"","protected":false},"author":1,"featured_media":0,"parent":0,"menu_order":0,"comment_status":"closed","ping_status":"closed","template":"","meta":{"footnotes":""},"yoast_head":"<!-- This site is optimized with the Yoast SEO plugin v22.7 - https:\/\/yoast.com\/wordpress\/plugins\/seo\/ -->\n<title>Hotel - Hotel Victoria Vicenza<\/title>\n<meta name=\"description\" content=\"as Hotel Victoria ist deal fuer einen verl\u00e4ngerten lAufenthalt oder f\u00fcr einen kurzen Besuch der Stadt, da nur 5 Minuten Fahrt vom Zenrum entfernt und daf\u00fcr nahe an den wichtigsten Sehenswuerdigkeiten , aber gleichzeitig sehr ruhig. Ausserdem, ist das Hotel 1 Km von der Ederle Kaserne, und 7 Km von der Messegelaende weit weg.\" \/>\n<meta name=\"robots\" content=\"noindex, follow, max-snippet:-1, max-image-preview:large, max-video-preview:-1\" \/>\n<meta property=\"og:locale\" content=\"de_DE\" \/>\n<meta property=\"og:type\" content=\"article\" \/>\n<meta property=\"og:title\" content=\"Hotel - Hotel Victoria Vicenza\" \/>\n<meta property=\"og:description\" content=\"as Hotel Victoria ist deal fuer einen verl\u00e4ngerten lAufenthalt oder f\u00fcr einen kurzen Besuch der Stadt, da nur 5 Minuten Fahrt vom Zenrum entfernt und daf\u00fcr nahe an den wichtigsten Sehenswuerdigkeiten , aber gleichzeitig sehr ruhig. Ausserdem, ist das Hotel 1 Km von der Ederle Kaserne, und 7 Km von der Messegelaende weit weg.\" \/>\n<meta property=\"og:url\" content=\"https:\/\/hvv.sitebysite.it\/hotel-vicenza-fiera\/\" \/>\n<meta property=\"og:site_name\" content=\"Hotel Victoria Vicenza\" \/>\n<meta property=\"article:modified_time\" content=\"2019-04-04T08:55:44+00:00\" \/>\n<meta name=\"twitter:card\" content=\"summary_large_image\" \/>\n<meta name=\"twitter:label1\" content=\"Gesch\u00e4tzte Lesezeit\" \/>\n\t<meta name=\"twitter:data1\" content=\"2\u00a0Minuten\" \/>\n<script type=\"application\/ld+json\" class=\"yoast-schema-graph\">{\"@context\":\"https:\/\/schema.org\",\"@graph\":[{\"@type\":\"WebPage\",\"@id\":\"https:\/\/hvv.sitebysite.it\/hotel-vicenza-fiera\/\",\"url\":\"https:\/\/hvv.sitebysite.it\/hotel-vicenza-fiera\/\",\"name\":\"Hotel - Hotel Victoria Vicenza\",\"isPartOf\":{\"@id\":\"https:\/\/hvv.sitebysite.it\/#website\"},\"datePublished\":\"2019-03-26T07:46:10+00:00\",\"dateModified\":\"2019-04-04T08:55:44+00:00\",\"description\":\"as Hotel Victoria ist deal fuer einen verl\u00e4ngerten lAufenthalt oder f\u00fcr einen kurzen Besuch der Stadt, da nur 5 Minuten Fahrt vom Zenrum entfernt und daf\u00fcr nahe an den wichtigsten Sehenswuerdigkeiten , aber gleichzeitig sehr ruhig. Ausserdem, ist das Hotel 1 Km von der Ederle Kaserne, und 7 Km von der Messegelaende weit weg.\",\"breadcrumb\":{\"@id\":\"https:\/\/hvv.sitebysite.it\/hotel-vicenza-fiera\/#breadcrumb\"},\"inLanguage\":\"de\",\"potentialAction\":[{\"@type\":\"ReadAction\",\"target\":[\"https:\/\/hvv.sitebysite.it\/hotel-vicenza-fiera\/\"]}]},{\"@type\":\"BreadcrumbList\",\"@id\":\"https:\/\/hvv.sitebysite.it\/hotel-vicenza-fiera\/#breadcrumb\",\"itemListElement\":[{\"@type\":\"ListItem\",\"position\":1,\"name\":\"Home\",\"item\":\"https:\/\/hvv.sitebysite.it\/\"},{\"@type\":\"ListItem\",\"position\":2,\"name\":\"Hotel\"}]},{\"@type\":\"WebSite\",\"@id\":\"https:\/\/hvv.sitebysite.it\/#website\",\"url\":\"https:\/\/hvv.sitebysite.it\/\",\"name\":\"Hotel Victoria Vicenza\",\"description\":\"\",\"potentialAction\":[{\"@type\":\"SearchAction\",\"target\":{\"@type\":\"EntryPoint\",\"urlTemplate\":\"https:\/\/hvv.sitebysite.it\/?s={search_term_string}\"},\"query-input\":\"required name=search_term_string\"}],\"inLanguage\":\"de\"}]}<\/script>\n<!-- \/ Yoast SEO plugin. -->","yoast_head_json":{"title":"Hotel - Hotel Victoria Vicenza","description":"as Hotel Victoria ist deal fuer einen verl\u00e4ngerten lAufenthalt oder f\u00fcr einen kurzen Besuch der Stadt, da nur 5 Minuten Fahrt vom Zenrum entfernt und daf\u00fcr nahe an den wichtigsten Sehenswuerdigkeiten , aber gleichzeitig sehr ruhig. Ausserdem, ist das Hotel 1 Km von der Ederle Kaserne, und 7 Km von der Messegelaende weit weg.","robots":{"index":"noindex","follow":"follow","max-snippet":"max-snippet:-1","max-image-preview":"max-image-preview:large","max-video-preview":"max-video-preview:-1"},"og_locale":"de_DE","og_type":"article","og_title":"Hotel - Hotel Victoria Vicenza","og_description":"as Hotel Victoria ist deal fuer einen verl\u00e4ngerten lAufenthalt oder f\u00fcr einen kurzen Besuch der Stadt, da nur 5 Minuten Fahrt vom Zenrum entfernt und daf\u00fcr nahe an den wichtigsten Sehenswuerdigkeiten , aber gleichzeitig sehr ruhig. Ausserdem, ist das Hotel 1 Km von der Ederle Kaserne, und 7 Km von der Messegelaende weit weg.","og_url":"https:\/\/hvv.sitebysite.it\/hotel-vicenza-fiera\/","og_site_name":"Hotel Victoria Vicenza","article_modified_time":"2019-04-04T08:55:44+00:00","twitter_card":"summary_large_image","twitter_misc":{"Gesch\u00e4tzte Lesezeit":"2\u00a0Minuten"},"schema":{"@context":"https:\/\/schema.org","@graph":[{"@type":"WebPage","@id":"https:\/\/hvv.sitebysite.it\/hotel-vicenza-fiera\/","url":"https:\/\/hvv.sitebysite.it\/hotel-vicenza-fiera\/","name":"Hotel - Hotel Victoria Vicenza","isPartOf":{"@id":"https:\/\/hvv.sitebysite.it\/#website"},"datePublished":"2019-03-26T07:46:10+00:00","dateModified":"2019-04-04T08:55:44+00:00","description":"as Hotel Victoria ist deal fuer einen verl\u00e4ngerten lAufenthalt oder f\u00fcr einen kurzen Besuch der Stadt, da nur 5 Minuten Fahrt vom Zenrum entfernt und daf\u00fcr nahe an den wichtigsten Sehenswuerdigkeiten , aber gleichzeitig sehr ruhig. Ausserdem, ist das Hotel 1 Km von der Ederle Kaserne, und 7 Km von der Messegelaende weit weg.","breadcrumb":{"@id":"https:\/\/hvv.sitebysite.it\/hotel-vicenza-fiera\/#breadcrumb"},"inLanguage":"de","potentialAction":[{"@type":"ReadAction","target":["https:\/\/hvv.sitebysite.it\/hotel-vicenza-fiera\/"]}]},{"@type":"BreadcrumbList","@id":"https:\/\/hvv.sitebysite.it\/hotel-vicenza-fiera\/#breadcrumb","itemListElement":[{"@type":"ListItem","position":1,"name":"Home","item":"https:\/\/hvv.sitebysite.it\/"},{"@type":"ListItem","position":2,"name":"Hotel"}]},{"@type":"WebSite","@id":"https:\/\/hvv.sitebysite.it\/#website","url":"https:\/\/hvv.sitebysite.it\/","name":"Hotel Victoria Vicenza","description":"","potentialAction":[{"@type":"SearchAction","target":{"@type":"EntryPoint","urlTemplate":"https:\/\/hvv.sitebysite.it\/?s={search_term_string}"},"query-input":"required name=search_term_string"}],"inLanguage":"de"}]}},"_links":{"self":[{"href":"https:\/\/hvv.sitebysite.it\/de\/wp-json\/wp\/v2\/pages\/3926"}],"collection":[{"href":"https:\/\/hvv.sitebysite.it\/de\/wp-json\/wp\/v2\/pages"}],"about":[{"href":"https:\/\/hvv.sitebysite.it\/de\/wp-json\/wp\/v2\/types\/page"}],"author":[{"embeddable":true,"href":"https:\/\/hvv.sitebysite.it\/de\/wp-json\/wp\/v2\/users\/1"}],"replies":[{"embeddable":true,"href":"https:\/\/hvv.sitebysite.it\/de\/wp-json\/wp\/v2\/comments?post=3926"}],"version-history":[{"count":0,"href":"https:\/\/hvv.sitebysite.it\/de\/wp-json\/wp\/v2\/pages\/3926\/revisions"}],"wp:attachment":[{"href":"https:\/\/hvv.sitebysite.it\/de\/wp-json\/wp\/v2\/media?parent=3926"}],"curies":[{"name":"wp","href":"https:\/\/api.w.org\/{rel}","templated":true}]}}